{"id":57041,"date":"2017-07-03T17:32:09","date_gmt":"2017-07-03T15:32:09","guid":{"rendered":"https:\/\/homeopan.com\/product\/cereales-germees\/"},"modified":"2017-07-03T17:32:14","modified_gmt":"2017-07-03T15:32:14","slug":"cereales-germees","status":"publish","type":"product","link":"https:\/\/homeopan.com\/en\/product\/cereales-germees\/","title":{"rendered":"C\u00e9r\u00e9ales germ\u00e9es"},"content":{"rendered":"","protected":false},"excerpt":{"rendered":"","protected":false},"featured_media":0,"comment_status":"closed","ping_status":"open","template":"","meta":{"_acf_changed":false,"advanced_seo_description":"","jetpack_seo_html_title":"","jetpack_seo_noindex":false,"jetpack_post_was_ever_published":false,"jetpack_publicize_message":"","jetpack_publicize_feature_enabled":true,"jetpack_social_post_already_shared":false,"jetpack_social_options":{"image_generator_settings":{"template":"highway","default_image_id":0,"font":"","enabled":false},"version":2}},"product_brand":[],"product_cat":[721],"product_tag":[],"class_list":{"0":"post-57041","1":"product","2":"type-product","3":"status-publish","5":"product_cat-single-remedy","6":"pa_form-drops","7":"pa_form-granules","8":"pa_potency-1-dh-125-ml","9":"pa_potency-1-dh-30-ml","10":"pa_potency-1-dh-4-g","11":"pa_potency-1-dh-60-ml","12":"pa_potency-15-ch-4-g","13":"pa_potency-30-ch-4-g","14":"pa_potency-5-ch-4-g","15":"pa_potency-6-dh-4-g","16":"pa_potency-6-dh-60-ml","17":"pa_potency-7-ch-4-g","19":"first","20":"instock","21":"purchasable","22":"product-type-variable"},"acf":[],"jetpack_publicize_connections":[],"jetpack_sharing_enabled":true,"jetpack-related-posts":[],"_links":{"self":[{"href":"https:\/\/homeopan.com\/en\/wp-json\/wp\/v2\/product\/57041","targetHints":{"allow":["GET"]}}],"collection":[{"href":"https:\/\/homeopan.com\/en\/wp-json\/wp\/v2\/product"}],"about":[{"href":"https:\/\/homeopan.com\/en\/wp-json\/wp\/v2\/types\/product"}],"replies":[{"embeddable":true,"href":"https:\/\/homeopan.com\/en\/wp-json\/wp\/v2\/comments?post=57041"}],"wp:attachment":[{"href":"https:\/\/homeopan.com\/en\/wp-json\/wp\/v2\/media?parent=57041"}],"wp:term":[{"taxonomy":"product_brand","embeddable":true,"href":"https:\/\/homeopan.com\/en\/wp-json\/wp\/v2\/product_brand?post=57041"},{"taxonomy":"product_cat","embeddable":true,"href":"https:\/\/homeopan.com\/en\/wp-json\/wp\/v2\/product_cat?post=57041"},{"taxonomy":"product_tag","embeddable":true,"href":"https:\/\/homeopan.com\/en\/wp-json\/wp\/v2\/product_tag?post=57041"}],"curies":[{"name":"wp","href":"https:\/\/api.w.org\/{rel}","templated":true}]}}